{"id":2289,"date":"2022-08-19T19:31:58","date_gmt":"2022-08-19T19:31:58","guid":{"rendered":"https:\/\/www.scandtax.com\/juridiskt-meddelandet\/"},"modified":"2022-12-05T12:28:17","modified_gmt":"2022-12-05T12:28:17","slug":"juridiskt-meddelandet","status":"publish","type":"page","link":"https:\/\/scandtax.com\/sv\/juridiskt-meddelandet\/","title":{"rendered":"Juridiskt meddelandet"},"content":{"rendered":"\t\t<div data-elementor-type=\"wp-page\" data-elementor-id=\"2289\" class=\"elementor elementor-2289 elementor-735\" data-elementor-post-type=\"page\">\n\t\t\t\t\t\t<section class=\"elementor-section elementor-top-section elementor-element elementor-element-40d8971f elementor-section-boxed elementor-section-height-default elementor-section-height-default rt-parallax-bg-no\" data-id=\"40d8971f\" data-element_type=\"section\" data-e-type=\"section\">\n\t\t\t\t\t\t<div class=\"elementor-container elementor-column-gap-default\">\n\t\t\t\t\t<div class=\"elementor-column elementor-col-100 elementor-top-column elementor-element elementor-element-1c944b0e\" data-id=\"1c944b0e\" data-element_type=\"column\" data-e-type=\"column\">\n\t\t\t<div class=\"elementor-widget-wrap elementor-element-populated\">\n\t\t\t\t\t\t<div class=\"elementor-element elementor-element-2cb0411b elementor-widget elementor-widget-text-editor\" data-id=\"2cb0411b\" data-element_type=\"widget\" data-e-type=\"widget\" data-widget_type=\"text-editor.default\">\n\t\t\t\t<div class=\"elementor-widget-container\">\n\t\t\t\t\t\t\t\t\t<p><\/p>\n<h3 class=\"wp-block-heading\"><b>I. ALLM\u00c4N INFORMATION<\/b><\/h3>\n<p><\/p>\n<p><\/p>\n<p>I enlighet med upplysningsplikten i spansk lag 34\/2002 g\u00e4llande Tj\u00e4nster i informationssamh\u00e4llet och elektronisk handel (Servicios de la Sociedad de la Informaci\u00f3n y el Comercio Electr\u00f3nico (LSSI-CE)) av den 11 juli, tillhandah\u00e5lls f\u00f6ljande allm\u00e4nna information p\u00e5 denna webbplats nedan.<\/p>\n<p>\u00c4gander\u00e4tten till denna webbplats, https:\/\/scandtax.com, (h\u00e4danefter, webbplatsen) innehas av: SCANDINAVIAN MANAGEMENT, SL, med NIF: B53831376 och registrerad i: Handelsregistret i Alicante med f\u00f6ljande registerdata: Volym 2732, Folio 139, Sektion 8, vars representant \u00e4r: SCANDINAVIAN MANAGEMENT, SL, med kontaktuppgifter:<\/p>\n<p><span style=\"font-weight: 400;\">Adress: C\/ Ram\u00f3n Gallud, 39 03181 Torrevieja (Spanien)<\/span><\/p>\n<p><span style=\"font-weight: 400;\">Telefon: +34 966 70 24 13<\/span><\/p>\n<p><span style=\"font-weight: 400;\">e-post: <span \n                data-original-string='w0B6hwOw3Zdtfh7W2TGYzQ==170IQ0kRoAI95eeoHk5ig2bU3b+71v7AMQolJdnNNpInd0='\n                class='apbct-email-encoder'\n                title='This contact has been encoded by Anti-Spam by CleanTalk. Click to decode. To finish the decoding make sure that JavaScript is enabled in your browser.'>in<span class=\"apbct-blur\">**<\/span>@<span class=\"apbct-blur\">******<\/span>ax.com<\/span><\/span><\/p>\n<p><\/p>\n<p><\/p>\n<h3 class=\"wp-block-heading\"><b>II. ALLM\u00c4NNA ANV\u00c4NDARVILLKOR<\/b><\/h3>\n<h5>\u00c4ndam\u00e5let med villkoren: Webbplatsen<\/h5>\n<p>Syftet med dessa allm\u00e4nna villkor f\u00f6r anv\u00e4ndning (h\u00e4danefter villkoren) \u00e4r att reglera \u00e5tkomst och anv\u00e4ndning av webbplatsen. I syftet med dessa villkor ska en webbplats f\u00f6rst\u00e5s som: det yttre utseendet p\u00e5 sk\u00e4rmgr\u00e4nssnitten, b\u00e5de statiskt och dynamiskt, det vill s\u00e4ga navigationstr\u00e4det; och alla element integrerade b\u00e5de i sk\u00e4rmgr\u00e4nssnitten och i navigeringstr\u00e4det (h\u00e4danefter, Inneh\u00e5ll) och alla de onlinetj\u00e4nster eller resurser som den erbjuder till anv\u00e4ndare (h\u00e4danefter, Tj\u00e4nster).<\/p>\n<p>Scandinavian Management f\u00f6rbeh\u00e5ller sig r\u00e4tten att n\u00e4r som helst och utan f\u00f6reg\u00e5ende meddelande \u00e4ndra presentationen och konfigurationen av webbplatsen samt dess inneh\u00e5ll och tj\u00e4nster som kan ing\u00e5 i den. Anv\u00e4ndaren erk\u00e4nner och accepterar att Scandinavian Management n\u00e4r som helst kan avbryta, avaktivera och\/eller avbryta n\u00e5got av dessa element som \u00e4r integrerade i webbplatsen eller \u00e5tkomst till dem.<\/p>\n<p>Anv\u00e4ndarens \u00e5tkomst till webbplatsen \u00e4r fri, och som en allm\u00e4n regel gratis utan att anv\u00e4ndaren beh\u00f6ver l\u00e4mna en motprestation f\u00f6r att kunna njuta av den, f\u00f6rutom i f\u00f6rh\u00e5llande till kostnaden f\u00f6r anslutning via det telen\u00e4t som tillhandah\u00e5lles av leverant\u00f6r som anv\u00e4ndaren har kontrakt med.<\/p>\n<p>Anv\u00e4ndningen av n\u00e5got av inneh\u00e5llet eller tj\u00e4nsterna p\u00e5 webbplatsen kan ske genom f\u00f6reg\u00e5ende prenumeration eller registrering av anv\u00e4ndaren.<\/p>\n<h4>Anv\u00e4ndare<\/h4>\n<p>Tillg\u00e5ng, navigering och anv\u00e4ndning av webbplatsen, s\u00e5v\u00e4l som de utrymmen som m\u00f6jligg\u00f6r interaktion mellan anv\u00e4ndare, samt anv\u00e4ndaren och Scandinavian Management, s\u00e5som kommentarer och\/eller bloggutrymmen, ger anv\u00e4ndarens tillst\u00e5nd, d\u00e4rf\u00f6r att alla villkor som fastst\u00e4llts h\u00e4ri, s\u00e5v\u00e4l som efterf\u00f6ljande \u00e4ndringar, accepteras fr\u00e5n det \u00f6gonblick som navigeringen p\u00e5 webbplatsen p\u00e5b\u00f6rjas, utan att det, i f\u00f6rekommande fall, p\u00e5verkar till\u00e4mpningen av motsvarande obligatoriska lagbest\u00e4mmelser. Med tanke p\u00e5 relevansen av detta rekommenderas anv\u00e4ndaren att l\u00e4sa dessa varje g\u00e5ng de bes\u00f6ker webbplatsen.<\/p>\n<p>Scandinavian Management webbplats tillhandah\u00e5ller ett brett utbud av information, tj\u00e4nster och data. Anv\u00e4ndaren tar sitt egna ansvar f\u00f6r att anv\u00e4nda webbplatsen korrekt. Detta ansvar kommer att str\u00e4cka sig till:<\/p>\n<ul>\n<li style=\"font-weight: 400;\" aria-level=\"1\">Anv\u00e4ndning av information, inneh\u00e5ll och\/eller tj\u00e4nster och data som erbjuds av Scandinavian Management utan att strida mot best\u00e4mmelserna i dessa villkor, lagen, sedlighet eller allm\u00e4n ordning, eller som p\u00e5 annat s\u00e4tt kan inneb\u00e4ra skada p\u00e5 tredje parts r\u00e4ttigheter eller driften av sj\u00e4lva webbplatsen.<\/li>\n<li style=\"font-weight: 400;\" aria-level=\"1\">Sannhet och laglighet i den information som tillhandah\u00e5lls av anv\u00e4ndaren i de formul\u00e4r som utf\u00e4rdats av Scandinavian Management f\u00f6r \u00e5tkomst till visst inneh\u00e5ll eller tj\u00e4nster som erbjuds av webbplatsen. Anv\u00e4ndaren kommer i alla situationer att omedelbart meddela Scandinavian Management om alla fakta som till\u00e5ter felaktig anv\u00e4ndning av informationen som registrerats i n\u00e4mnda formul\u00e4r, s\u00e5som, men inte begr\u00e4nsat till, st\u00f6ld, f\u00f6rlust eller obeh\u00f6rig \u00e5tkomst till identifierare och\/eller l\u00f6senord, f\u00f6r att omedelbart annullera dessa.<\/li>\n<\/ul>\n<p>Scandinavian Management f\u00f6rbeh\u00e5ller sig r\u00e4tten att dra tillbaka alla kommentarer och bidrag som bryter mot lagen, respekten f\u00f6r personens v\u00e4rdighet, \u00e4r diskriminerande, fr\u00e4mlingsfientliga, rasistiska, pornografiska, skr\u00e4ppost, hotar ungdom eller barn, ordning eller allm\u00e4n s\u00e4kerhet eller som, enligt dess mening inte skulle l\u00e4mpa sig f\u00f6r publicering.<\/p>\n<p>Under alla omst\u00e4ndigheter ansvarar inte Scandinavian Management f\u00f6r de \u00e5sikter som uttrycks av anv\u00e4ndare genom kommentarer eller andra blogg- eller verktyg f\u00f6r deltagande.<\/p>\n<p>Enbart \u00e5tkomst till denna webbplats inneb\u00e4r inte n\u00e5gon typ av kommersiell relation mellan Scandinavian Management och anv\u00e4ndaren.<\/p>\n<p>Alltid i \u00f6verensst\u00e4mmelse med g\u00e4llande lagstiftning, riktar sig Scandinavian Management webbplats till alla m\u00e4nniskor, oavsett \u00e5lder, som kan komma \u00e5t och\/eller surfa p\u00e5 sidorna p\u00e5 webbplatsen.<\/p>\n<p>Webbplatsen \u00e4r i f\u00f6rsta hand riktad till anv\u00e4ndare som bor i Sverige. Scandinavian Management garanterar inte att webbplatsen f\u00f6ljer andra l\u00e4nders lagar, varken helt eller delvis. Om anv\u00e4ndaren \u00e4r bosatt eller har hemvist p\u00e5 annan plats och best\u00e4mmer sig f\u00f6r att f\u00e5 tillg\u00e5ng till och\/eller surfa p\u00e5 webbplatsen, kommer denne att g\u00f6ra det p\u00e5 egen risk, man m\u00e5ste kontrollera att s\u00e5dan \u00e5tkomst och surfning \u00f6verensst\u00e4mmer med lokal lagstiftning som \u00e4r till\u00e4mplig hos dem, Scandinavian Management tar inget ansvar som kan uppst\u00e5 vid s\u00e5dan \u00e5tkomst.<\/p>\n<h3><b>III. \u00c5TKOMST OCH NAVIGERING P\u00c5 WEBBPLATSEN: UNDANTAG AV GARANTIER OCH ANSVAR<\/b><\/h3>\n<p><\/p>\n<p><\/p>\n<p>Scandinavian Management garanterar inte webbplatsens kontinuitet, tillg\u00e4nglighet och anv\u00e4ndbarhet, inte heller f\u00f6r dess inneh\u00e5ll eller tj\u00e4nster. Scandinavian Management kommer att g\u00f6ra allt f\u00f6r att webbplatsen ska fungera korrekt, dock \u00e4r man inte ansvarig f\u00f6r eller garanterar att \u00e5tkomsten till denna webbplats kommer att vara oavbruten eller felfri.<\/p>\n<p>Man ansvarar inte heller f\u00f6r eller garanterar att inneh\u00e5llet eller programvaran som kan n\u00e5s via denna webbplats \u00e4r felfri eller inte kan orsaka skada p\u00e5 anv\u00e4ndarens datorsystem (mjukvara och h\u00e5rdvara). I inget fall kommer Scandinavian Management att h\u00e5llas ansvarigt f\u00f6r f\u00f6rluster, skador eller skadest\u00e5nd av n\u00e5got slag som uppst\u00e5r fr\u00e5n \u00e5tkomst, navigering och anv\u00e4ndning av webbplatsen, inklusive, men inte begr\u00e4nsat till, de som orsakas av datorsystem eller de som orsakas av inf\u00f6randet av virus.<\/p>\n<p>Scandinavian Management ansvarar inte f\u00f6r eventuella skador som kan orsakas anv\u00e4ndare p\u00e5 grund av felaktig anv\u00e4ndning av denna webbplats. I synnerhet ansvarar man inte p\u00e5 n\u00e5got s\u00e4tt f\u00f6r fall\/tapp, avbrott, brist eller defekt i telekommunikation som kan uppst\u00e5.<\/p>\n<p><\/p>\n<p><\/p>\n<h3 class=\"wp-block-heading\"><b>IV. POLICY G\u00c4LLANDE L\u00c4NKAR<\/b><\/h3>\n<p><\/p>\n<p><\/p>\n<p>Man informerar h\u00e4rmed att webbplatsen Scandinavian Management g\u00f6r eller kan g\u00f6ra tillg\u00e4ngligt\/tillg\u00e4ngliga f\u00f6r anv\u00e4ndarna olika l\u00e4nkverktyg (s\u00e5som bland annat l\u00e4nkar, banners, knappar), kataloger och s\u00f6kmotorer som till\u00e5ter anv\u00e4ndare att komma \u00e5t webbplatser som tillh\u00f6r och\/eller hanteras av tredje part.<\/p>\n<p>Syftet med att installera dessa l\u00e4nkar, kataloger och s\u00f6kmotorer p\u00e5 webbplatsen \u00e4r att g\u00f6ra det enklare f\u00f6r anv\u00e4ndare att s\u00f6ka efter och komma \u00e5t informationen som finns tillg\u00e4nglig p\u00e5 Internet, utan att dessa anses vara ett f\u00f6rslag, en rekommendation eller en inbjudan att bes\u00f6ka dem.<\/p>\n<p>Scandinavian Management erbjuder eller marknadsf\u00f6r inte, ensamt eller genom tredje part, de produkter och\/eller tj\u00e4nster som \u00e4r tillg\u00e4ngliga p\u00e5 n\u00e4mnda l\u00e4nkade webbplatser.<\/p>\n<p><span style=\"font-weight: 400;\">P\u00e5 samma s\u00e4tt kommer man inte att garantera den tekniska tillg\u00e4ngligheten, noggrannheten, sanningshalten, giltigheten eller lagligheten f\u00f6r webbplatser utanf\u00f6r dess egen egendom, som kan n\u00e5s via l\u00e4nkarna.<\/span><\/p>\n<p><span style=\"font-weight: 400;\">Scandinavian Management kommer inte i n\u00e5got fall att granska eller kontrollera inneh\u00e5llet p\u00e5 andra webbplatser, och kommer inte heller att godk\u00e4nna, granska och inte heller godk\u00e4nna produkter och tj\u00e4nster, inneh\u00e5ll, filer och annat material p\u00e5 ovan n\u00e4mnda l\u00e4nkade webbplatser.<\/span><\/p>\n<p><span style=\"font-weight: 400;\">Scandinavian Management tar inget ansvar f\u00f6r skador som kan orsakas av \u00e5tkomst, anv\u00e4ndning, kvalitet eller laglighet av inneh\u00e5ll, kommunikation, \u00e5sikter, produkter och tj\u00e4nster p\u00e5 webbplatser som inte hanteras av Scandinavian Management, och som finns l\u00e4nkade p\u00e5 denna webbplats.<\/span><\/p>\n<p>Anv\u00e4ndaren eller tredje part som bes\u00f6ker en hyperl\u00e4nk fr\u00e5n en webbsida p\u00e5 en annan, annan webbplats till webbplatsen f\u00f6r Scandinavian Management m\u00e5ste veta att:<\/p>\n<p><span style=\"font-weight: 400;\">Reproduktion &#8211; helt eller delvis &#8211; av n\u00e5got av inneh\u00e5llet och\/eller tj\u00e4nster p\u00e5 webbplatsen \u00e4r inte till\u00e5ten utan uttryckligt tillst\u00e5nd fr\u00e5n Scandinavian Management.<\/span><\/p>\n<p><span style=\"font-weight: 400;\">Inte heller \u00e4r n\u00e5got falskt, felaktigt eller felaktigt uttalande till\u00e5tet om Scandinavian Managements webbplats eller dess inneh\u00e5ll och\/eller tj\u00e4nster.<\/span><\/p>\n<p>Med undantag f\u00f6r hyperl\u00e4nken, kommer webbplatsen d\u00e4r n\u00e4mnda hyperl\u00e4nk \u00e4r etablerad inte att inneh\u00e5lla n\u00e5gon del av denna webbplats, skyddad som immateriell egendom av det spanska r\u00e4ttssystemet, s\u00e5vida det inte uttryckligen godk\u00e4nts av Scandinavian Management.<\/p>\n<p><span style=\"font-weight: 400;\">Etableringen av hyperl\u00e4nken kommer inte att inneb\u00e4ra f\u00f6rekomsten av relationer mellan Scandinavian Management och \u00e4garen av webbplatsen fr\u00e5n vilken den \u00e4r gjord, inte heller Scandinavian Managements kunskap och acceptans av inneh\u00e5llet, tj\u00e4nsterna och\/eller aktiviteterna som erbjuds p\u00e5 n\u00e4mnda webbplats, och vice versa.<\/span><\/p>\n<h3><b>V. IMMATERIELL OCH INDUSTRIELL EGENDOM<\/b><\/h3>\n<p>Scandinavian Management i sig sj\u00e4lv eller som innehavare \u00e4r \u00e4gare till alla immateriella och industriella \u00e4gander\u00e4ttigheter till webbplatsen, s\u00e5v\u00e4l som de element som finns d\u00e4ri (som exempel och inte utt\u00f6mmande, bilder, ljud, ljud, video, programvara eller texter, varum\u00e4rken eller logotyper, f\u00e4rgkombinationer, struktur och design, val av material, datorprogram som \u00e4r n\u00f6dv\u00e4ndiga f\u00f6r dess funktion, \u00e5tkomst och anv\u00e4ndning osv.). De kommer d\u00e4rf\u00f6r att vara verk som skyddas som immateriella r\u00e4ttigheter av det spanska r\u00e4ttssystemet, varvid b\u00e5de spanska och europeiska gemenskapens best\u00e4mmelser p\u00e5 detta omr\u00e5de \u00e4r till\u00e4mpliga, s\u00e5v\u00e4l som internationella f\u00f6rdrag relaterade till fr\u00e5gan och undertecknade av Spanien.<\/p>\n<p>Alla r\u00e4ttigheter f\u00f6rbeh\u00e5llna. I kraft av best\u00e4mmelserna i den spanska lagen om immateriella r\u00e4ttigheter \u00e4r reproduktion, distribution och offentlig kommunikation, inklusive metod f\u00f6r att g\u00f6ra dem tillg\u00e4ngliga, av hela eller delar av inneh\u00e5llet p\u00e5 denna webbsida, f\u00f6r kommersiella \u00e4ndam\u00e5l, p\u00e5 alla typer av medier och alla former av tekniskt s\u00e4tt, utan tillst\u00e5nd fr\u00e5n Scandinavian Management uttryckligen f\u00f6rbjudet.<\/p>\n<p>Anv\u00e4ndaren f\u00f6rbinder sig att respektera Scandinavian Managements immateriella och industriella r\u00e4ttigheter. Du kan se elementen p\u00e5 webbplatsen eller till och med skriva ut, kopiera och lagra dem p\u00e5 din dators h\u00e5rddisk eller p\u00e5 n\u00e5got annat fysiskt medium, f\u00f6rutsatt att det uteslutande \u00e4r f\u00f6r ditt personliga bruk. Anv\u00e4ndaren f\u00e5r dock inte ta bort, \u00e4ndra eller manipulera n\u00e5gon skyddsenhet eller s\u00e4kerhetssystem som installerats p\u00e5 webbplatsen.<\/p>\n<p>I h\u00e4ndelse av att anv\u00e4ndaren eller tredje part anser att n\u00e5got av inneh\u00e5llet p\u00e5 webbplatsen utg\u00f6r ett brott mot r\u00e4ttigheterna till skydd av immateriella r\u00e4ttigheter, m\u00e5ste man omedelbart meddela Scandinavian Management genom kontaktinformationen i avsnittet ALLM\u00c4N INFORMATION i detta juridiska meddelande och i allm\u00e4nna anv\u00e4ndarvillkor.<\/p>\n<h3><b>VI. JURIDISKA \u00c5TG\u00c4RDER, TILL\u00c4MPLIG LAG SAMT JURISDIKTION<\/b><\/h3>\n<p><span style=\"font-weight: 400;\">Scandinavian Management f\u00f6rbeh\u00e5ller sig r\u00e4tten att v\u00e4cka civilr\u00e4ttsliga eller straffr\u00e4ttsliga \u00e5tg\u00e4rder som man anser n\u00f6dv\u00e4ndiga f\u00f6r felaktig anv\u00e4ndning av webbplatsen och dess inneh\u00e5ll, eller f\u00f6r brott mot dessa villkor.<\/span><\/p>\n<p>F\u00f6rh\u00e5llandet mellan anv\u00e4ndare och Scandinavian Management kommer att styras av de best\u00e4mmelser som \u00e4r g\u00e4llande och till\u00e4mpliga p\u00e5 det spanska territoriet. Om det skulle uppst\u00e5 kontroverser i samband med tolkningen och\/eller till\u00e4mpningen av dessa villkor, kommer parterna att \u00f6verl\u00e4mna sina konflikter till den ordinarie jurisdiktionen och underkasta sig motsvarande domare och domstolar enligt lag.<\/p>\n<p><\/p>\t\t\t\t\t\t\t\t<\/div>\n\t\t\t\t<\/div>\n\t\t\t\t\t<\/div>\n\t\t<\/div>\n\t\t\t\t\t<\/div>\n\t\t<\/section>\n\t\t\t\t<\/div>\n\t\t","protected":false},"excerpt":{"rendered":"<p>I. ALLM\u00c4N INFORMATION I enlighet med upplysningsplikten i spansk lag 34\/2002 g\u00e4llande Tj\u00e4nster i informationssamh\u00e4llet och elektronisk handel (Servicios de la Sociedad de la Informaci\u00f3n y el Comercio Electr\u00f3nico (LSSI-CE)) av den 11 juli, tillhandah\u00e5lls f\u00f6ljande allm\u00e4nna information p\u00e5 denna webbplats nedan. \u00c4gander\u00e4tten till denna webbplats, https:\/\/scandtax.com, (h\u00e4danefter, webbplatsen) innehas av: SCANDINAVIAN MANAGEMENT, SL, med [&hellip;]<\/p>\n","protected":false},"author":1,"featured_media":0,"parent":0,"menu_order":0,"comment_status":"closed","ping_status":"closed","template":"","meta":{"footnotes":""},"class_list":["post-2289","page","type-page","status-publish","hentry"],"yoast_head":"<!-- This site is optimized with the Yoast SEO plugin v27.3 - https:\/\/yoast.com\/product\/yoast-seo-wordpress\/ -->\n<title>Juridiskt meddelandet - Scandinavian Management<\/title>\n<meta name=\"robots\" content=\"index, follow, max-snippet:-1, max-image-preview:large, max-video-preview:-1\" \/>\n<link rel=\"canonical\" href=\"https:\/\/scandtax.com\/sv\/juridiskt-meddelandet\/\" \/>\n<meta property=\"og:locale\" content=\"sv_SE\" \/>\n<meta property=\"og:type\" content=\"article\" \/>\n<meta property=\"og:title\" content=\"Juridiskt meddelandet - Scandinavian Management\" \/>\n<meta property=\"og:description\" content=\"I. ALLM\u00c4N INFORMATION I enlighet med upplysningsplikten i spansk lag 34\/2002 g\u00e4llande Tj\u00e4nster i informationssamh\u00e4llet och elektronisk handel (Servicios de la Sociedad de la Informaci\u00f3n y el Comercio Electr\u00f3nico (LSSI-CE)) av den 11 juli, tillhandah\u00e5lls f\u00f6ljande allm\u00e4nna information p\u00e5 denna webbplats nedan. \u00c4gander\u00e4tten till denna webbplats, https:\/\/scandtax.com, (h\u00e4danefter, webbplatsen) innehas av: SCANDINAVIAN MANAGEMENT, SL, med [&hellip;]\" \/>\n<meta property=\"og:url\" content=\"https:\/\/scandtax.com\/sv\/juridiskt-meddelandet\/\" \/>\n<meta property=\"og:site_name\" content=\"Scandinavian Management\" \/>\n<meta property=\"article:modified_time\" content=\"2022-12-05T12:28:17+00:00\" \/>\n<meta name=\"twitter:card\" content=\"summary_large_image\" \/>\n<meta name=\"twitter:label1\" content=\"Ber\u00e4knad l\u00e4stid\" \/>\n\t<meta name=\"twitter:data1\" content=\"10 minuter\" \/>\n<script type=\"application\/ld+json\" class=\"yoast-schema-graph\">{\"@context\":\"https:\\\/\\\/schema.org\",\"@graph\":[{\"@type\":\"WebPage\",\"@id\":\"https:\\\/\\\/scandtax.com\\\/sv\\\/juridiskt-meddelandet\\\/\",\"url\":\"https:\\\/\\\/scandtax.com\\\/sv\\\/juridiskt-meddelandet\\\/\",\"name\":\"Juridiskt meddelandet - Scandinavian Management\",\"isPartOf\":{\"@id\":\"https:\\\/\\\/scandtax.com\\\/#website\"},\"datePublished\":\"2022-08-19T19:31:58+00:00\",\"dateModified\":\"2022-12-05T12:28:17+00:00\",\"breadcrumb\":{\"@id\":\"https:\\\/\\\/scandtax.com\\\/sv\\\/juridiskt-meddelandet\\\/#breadcrumb\"},\"inLanguage\":\"sv-SE\",\"potentialAction\":[{\"@type\":\"ReadAction\",\"target\":[\"https:\\\/\\\/scandtax.com\\\/sv\\\/juridiskt-meddelandet\\\/\"]}]},{\"@type\":\"BreadcrumbList\",\"@id\":\"https:\\\/\\\/scandtax.com\\\/sv\\\/juridiskt-meddelandet\\\/#breadcrumb\",\"itemListElement\":[{\"@type\":\"ListItem\",\"position\":1,\"name\":\"Portada\",\"item\":\"https:\\\/\\\/scandtax.com\\\/\"},{\"@type\":\"ListItem\",\"position\":2,\"name\":\"Juridiskt meddelandet\"}]},{\"@type\":\"WebSite\",\"@id\":\"https:\\\/\\\/scandtax.com\\\/#website\",\"url\":\"https:\\\/\\\/scandtax.com\\\/\",\"name\":\"Scandinavian Management\",\"description\":\"Scandinavian Management\",\"potentialAction\":[{\"@type\":\"SearchAction\",\"target\":{\"@type\":\"EntryPoint\",\"urlTemplate\":\"https:\\\/\\\/scandtax.com\\\/?s={search_term_string}\"},\"query-input\":{\"@type\":\"PropertyValueSpecification\",\"valueRequired\":true,\"valueName\":\"search_term_string\"}}],\"inLanguage\":\"sv-SE\"}]}<\/script>\n<!-- \/ Yoast SEO plugin. -->","yoast_head_json":{"title":"Juridiskt meddelandet - Scandinavian Management","robots":{"index":"index","follow":"follow","max-snippet":"max-snippet:-1","max-image-preview":"max-image-preview:large","max-video-preview":"max-video-preview:-1"},"canonical":"https:\/\/scandtax.com\/sv\/juridiskt-meddelandet\/","og_locale":"sv_SE","og_type":"article","og_title":"Juridiskt meddelandet - Scandinavian Management","og_description":"I. ALLM\u00c4N INFORMATION I enlighet med upplysningsplikten i spansk lag 34\/2002 g\u00e4llande Tj\u00e4nster i informationssamh\u00e4llet och elektronisk handel (Servicios de la Sociedad de la Informaci\u00f3n y el Comercio Electr\u00f3nico (LSSI-CE)) av den 11 juli, tillhandah\u00e5lls f\u00f6ljande allm\u00e4nna information p\u00e5 denna webbplats nedan. \u00c4gander\u00e4tten till denna webbplats, https:\/\/scandtax.com, (h\u00e4danefter, webbplatsen) innehas av: SCANDINAVIAN MANAGEMENT, SL, med [&hellip;]","og_url":"https:\/\/scandtax.com\/sv\/juridiskt-meddelandet\/","og_site_name":"Scandinavian Management","article_modified_time":"2022-12-05T12:28:17+00:00","twitter_card":"summary_large_image","twitter_misc":{"Ber\u00e4knad l\u00e4stid":"10 minuter"},"schema":{"@context":"https:\/\/schema.org","@graph":[{"@type":"WebPage","@id":"https:\/\/scandtax.com\/sv\/juridiskt-meddelandet\/","url":"https:\/\/scandtax.com\/sv\/juridiskt-meddelandet\/","name":"Juridiskt meddelandet - Scandinavian Management","isPartOf":{"@id":"https:\/\/scandtax.com\/#website"},"datePublished":"2022-08-19T19:31:58+00:00","dateModified":"2022-12-05T12:28:17+00:00","breadcrumb":{"@id":"https:\/\/scandtax.com\/sv\/juridiskt-meddelandet\/#breadcrumb"},"inLanguage":"sv-SE","potentialAction":[{"@type":"ReadAction","target":["https:\/\/scandtax.com\/sv\/juridiskt-meddelandet\/"]}]},{"@type":"BreadcrumbList","@id":"https:\/\/scandtax.com\/sv\/juridiskt-meddelandet\/#breadcrumb","itemListElement":[{"@type":"ListItem","position":1,"name":"Portada","item":"https:\/\/scandtax.com\/"},{"@type":"ListItem","position":2,"name":"Juridiskt meddelandet"}]},{"@type":"WebSite","@id":"https:\/\/scandtax.com\/#website","url":"https:\/\/scandtax.com\/","name":"Scandinavian Management","description":"Scandinavian Management","potentialAction":[{"@type":"SearchAction","target":{"@type":"EntryPoint","urlTemplate":"https:\/\/scandtax.com\/?s={search_term_string}"},"query-input":{"@type":"PropertyValueSpecification","valueRequired":true,"valueName":"search_term_string"}}],"inLanguage":"sv-SE"}]}},"_links":{"self":[{"href":"https:\/\/scandtax.com\/sv\/wp-json\/wp\/v2\/pages\/2289","targetHints":{"allow":["GET"]}}],"collection":[{"href":"https:\/\/scandtax.com\/sv\/wp-json\/wp\/v2\/pages"}],"about":[{"href":"https:\/\/scandtax.com\/sv\/wp-json\/wp\/v2\/types\/page"}],"author":[{"embeddable":true,"href":"https:\/\/scandtax.com\/sv\/wp-json\/wp\/v2\/users\/1"}],"replies":[{"embeddable":true,"href":"https:\/\/scandtax.com\/sv\/wp-json\/wp\/v2\/comments?post=2289"}],"version-history":[{"count":6,"href":"https:\/\/scandtax.com\/sv\/wp-json\/wp\/v2\/pages\/2289\/revisions"}],"predecessor-version":[{"id":2296,"href":"https:\/\/scandtax.com\/sv\/wp-json\/wp\/v2\/pages\/2289\/revisions\/2296"}],"wp:attachment":[{"href":"https:\/\/scandtax.com\/sv\/wp-json\/wp\/v2\/media?parent=2289"}],"curies":[{"name":"wp","href":"https:\/\/api.w.org\/{rel}","templated":true}]}}