{"id":2288,"date":"2022-08-19T19:34:09","date_gmt":"2022-08-19T19:34:09","guid":{"rendered":"https:\/\/www.scandtax.com\/policy-gallande-cookies\/"},"modified":"2022-12-05T13:42:18","modified_gmt":"2022-12-05T13:42:18","slug":"policy-gallande-cookies","status":"publish","type":"page","link":"https:\/\/scandtax.com\/sv\/policy-gallande-cookies\/","title":{"rendered":"Policy g\u00e4llande Cookies"},"content":{"rendered":"\t\t<div data-elementor-type=\"wp-page\" data-elementor-id=\"2288\" class=\"elementor elementor-2288 elementor-741\" data-elementor-post-type=\"page\">\n\t\t\t\t\t\t<section class=\"elementor-section elementor-top-section elementor-element elementor-element-794b7759 elementor-section-boxed elementor-section-height-default elementor-section-height-default rt-parallax-bg-no\" data-id=\"794b7759\" data-element_type=\"section\" data-e-type=\"section\">\n\t\t\t\t\t\t<div class=\"elementor-container elementor-column-gap-default\">\n\t\t\t\t\t<div class=\"elementor-column elementor-col-100 elementor-top-column elementor-element elementor-element-326774ba\" data-id=\"326774ba\" data-element_type=\"column\" data-e-type=\"column\">\n\t\t\t<div class=\"elementor-widget-wrap elementor-element-populated\">\n\t\t\t\t\t\t<div class=\"elementor-element elementor-element-16a6d0cb elementor-widget elementor-widget-text-editor\" data-id=\"16a6d0cb\" data-element_type=\"widget\" data-e-type=\"widget\" data-widget_type=\"text-editor.default\">\n\t\t\t\t<div class=\"elementor-widget-container\">\n\t\t\t\t\t\t\t\t\t<p><\/p>\n<h3 class=\"wp-block-heading\"><strong>POLICY G\u00c4LLANDE COOKIES<\/strong><\/h3>\n<p><\/p>\n<p><\/p>\n<p>\u00c5tkomst till denna webbplats kan inneb\u00e4ra anv\u00e4ndning av cookies. Cookies \u00e4r sm\u00e5 m\u00e4ngder information som lagras i webbl\u00e4saren som anv\u00e4nds av varje anv\u00e4ndare \u2014 i de olika enheter som kan anv\u00e4ndas f\u00f6r navigering \u2014 s\u00e5 att servern kommer ih\u00e5g viss information som senare, och endast servern som implementerade den, kommer att l\u00e4sa. Cookies underl\u00e4ttar surfandet, g\u00f6r det mer anv\u00e4ndarv\u00e4nligt och skadar inte enheten som anv\u00e4nds f\u00f6r surfandet.<\/p>\n<p>Cookies \u00e4r automatiska procedurer f\u00f6r att samla in information relaterad till de preferenser som best\u00e4ms av anv\u00e4ndaren under dennes bes\u00f6k p\u00e5 webbplatsen, f\u00f6r att k\u00e4nna igen hen som en anv\u00e4ndare, och personifiera hens upplevelse och anv\u00e4ndning av webbplatsen, och kan \u00e4ven till exempel hj\u00e4lpa till att identifiera och l\u00f6sa fel.<\/p>\n<p>Informationen som samlas in genom cookies kan innefatta datum och tid f\u00f6r bes\u00f6k p\u00e5 webbplatsen, vilka sidor som visas, tiden som spenderats p\u00e5 webbplatsen samt de webbplatser som bes\u00f6ks precis f\u00f6re och efter densamma. Ingen cookie till\u00e5ter dock att den kontaktar anv\u00e4ndaren via eventuellt telefonnummer eller n\u00e5got annat s\u00e4tt f\u00f6r personlig kontakt. Ingen cookie kan extrahera information fr\u00e5n anv\u00e4ndarens h\u00e5rddisk eller stj\u00e4la personlig information. Enda s\u00e4ttet f\u00f6r anv\u00e4ndarens privata information att bli en del av Cookie-filen \u00e4r att anv\u00e4ndaren personligen tillhandah\u00e5ller den informationen till servern.<\/p>\n<p>Cookies som g\u00f6r att en person kan identifieras betraktas som personuppgifter. D\u00e4rf\u00f6r kommer integritetspolicyn som beskrivs ovan att g\u00e4lla f\u00f6r dessa. I denna mening kommer anv\u00e4ndarens samtycke att vara n\u00f6dv\u00e4ndigt f\u00f6r anv\u00e4ndningen av densamma. Detta samtycke kommer att kommuniceras, baserat p\u00e5 ett autentiskt val, som erbjuds genom ett bejakande och positivt beslut, f\u00f6re den initiala, borttagbara och dokumenterade behandlingen.<\/p>\n<p><b style=\"color: #111111; font-family: 'Source Sans Pro', sans-serif; font-size: 28px;\">COOKIES FR\u00c5N TREDJEPART<\/b><\/p>\n<p><\/p>\n<p><\/p>\n<p>De \u00e4r cookies som anv\u00e4nds och hanteras av externa enheter som tillhandah\u00e5ller tj\u00e4nster som efterfr\u00e5gas av den f\u00f6r att f\u00f6rb\u00e4ttra webbplatsen och anv\u00e4ndarupplevelsen n\u00e4r du surfar p\u00e5 webbplatsen. De huvudsakliga m\u00e5len f\u00f6r vilka cookies fr\u00e5n tredje part anv\u00e4nds \u00e4r att f\u00e5 tillg\u00e5ng till statistik och analysera webbinformation, det vill s\u00e4ga hur anv\u00e4ndaren interagerar med webbplatsen.<\/p>\n<p>Den information som erh\u00e5lls avser till exempel antalet bes\u00f6kta sidor, spr\u00e5k, platsen till vilken IP-adressen som anv\u00e4ndaren kommer fr\u00e5n, antalet anv\u00e4ndare som bes\u00f6ker, frekvensen och \u00e5terbes\u00f6k, tidpunkt f\u00f6r bes\u00f6ket, vilken webbl\u00e4sare de anv\u00e4nder, operat\u00f6rer eller typ av enhet som bes\u00f6ket g\u00f6rs fr\u00e5n. Denna information anv\u00e4nds f\u00f6r att f\u00f6rb\u00e4ttra webbplatsen och f\u00f6r att uppt\u00e4cka nya behov av att erbjuda anv\u00e4ndarna ett inneh\u00e5ll och\/eller en tj\u00e4nst av optimal kvalitet. I vilket fall som helst samlas informationen in anonymt och webbplatsens trendrapporter uppr\u00e4ttas utan att identifiera enskilda anv\u00e4ndare.<\/p>\n<p>Mer information om cookies, information om integritet eller se beskrivningen av vilken typ av cookies som anv\u00e4nds, deras huvudsakliga egenskaper, utg\u00e5ngsperiod etc. f\u00e5r du p\u00e5 f\u00f6ljande l\u00e4nk(ar):<\/p>\n<p>\u00a0<\/p>\n<p><strong>Google Analytics <\/strong><span style=\"font-weight: 400;\"><br \/><\/span><span style=\"font-weight: 400;\">https:\/\/developers.google.com\/analytics <\/span><span style=\"font-weight: 400;\"><br \/><\/span><span style=\"font-weight: 400;\"><br \/><\/span><strong>Google Ads <\/strong><span style=\"font-weight: 400;\"><br \/><\/span><span style=\"font-weight: 400;\">https:\/\/developers.google.com\/google-ads <\/span><span style=\"font-weight: 400;\"><br \/><\/span><span style=\"font-weight: 400;\"><br \/><\/span><strong>Facebook Ads<\/strong><span style=\"font-weight: 400;\"><br \/><\/span><span style=\"font-weight: 400;\">https:\/\/www.facebook.com\/policies_center\/<\/span><\/p>\n<p>Den eller de enheter som ansvarar f\u00f6r att tillhandah\u00e5lla cookies kan \u00f6verf\u00f6ra denna information till tredje part, s\u00e5 l\u00e4nge det \u00e4r n\u00f6dv\u00e4ndigt enligt lag eller en tredje part \u00e4r den som behandlar denna information f\u00f6r n\u00e4mnda enheter.<\/p>\n<p><\/p>\n<p><\/p>\n<h3 class=\"wp-block-heading\">Inaktivera, avvisa och radera cookies<\/h3>\n<p><\/p>\n<p><\/p>\n<p>Anv\u00e4ndaren kan inaktivera, avvisa och eliminera cookies \u2013 helt eller delvis \u2013 installerade p\u00e5 sin enhet genom konfigurationen av sin webbl\u00e4sare (bland annat till exempel Chrome, Firefox, Safari, Explorer). I detta avseende kan procedurerna f\u00f6r att avvisa och ta bort cookies skilja sig fr\u00e5n en webbl\u00e4sare till en annan. F\u00f6ljaktligen m\u00e5ste anv\u00e4ndaren f\u00f6lja instruktionerna fr\u00e5n den webbl\u00e4sare som hen anv\u00e4nder. I h\u00e4ndelse av att du avvisar anv\u00e4ndningen av cookies \u2013 helt eller delvis \u2013 kan du forts\u00e4tta att anv\u00e4nda webbplatsen, \u00e4ven om anv\u00e4ndningen av vissa av dess funktioner kan resultera begr\u00e4nsad.<\/p>\n<p><\/p>\n<p><\/p>\n<p><\/p>\t\t\t\t\t\t\t\t<\/div>\n\t\t\t\t<\/div>\n\t\t\t\t\t<\/div>\n\t\t<\/div>\n\t\t\t\t\t<\/div>\n\t\t<\/section>\n\t\t\t\t<\/div>\n\t\t","protected":false},"excerpt":{"rendered":"<p>POLICY G\u00c4LLANDE COOKIES \u00c5tkomst till denna webbplats kan inneb\u00e4ra anv\u00e4ndning av cookies. Cookies \u00e4r sm\u00e5 m\u00e4ngder information som lagras i webbl\u00e4saren som anv\u00e4nds av varje anv\u00e4ndare \u2014 i de olika enheter som kan anv\u00e4ndas f\u00f6r navigering \u2014 s\u00e5 att servern kommer ih\u00e5g viss information som senare, och endast servern som implementerade den, kommer att l\u00e4sa. [&hellip;]<\/p>\n","protected":false},"author":1,"featured_media":0,"parent":0,"menu_order":0,"comment_status":"closed","ping_status":"closed","template":"","meta":{"footnotes":""},"class_list":["post-2288","page","type-page","status-publish","hentry"],"yoast_head":"<!-- This site is optimized with the Yoast SEO plugin v27.3 - https:\/\/yoast.com\/product\/yoast-seo-wordpress\/ -->\n<title>Policy g\u00e4llande Cookies - Scandinavian Management<\/title>\n<meta name=\"robots\" content=\"index, follow, max-snippet:-1, max-image-preview:large, max-video-preview:-1\" \/>\n<link rel=\"canonical\" href=\"https:\/\/scandtax.com\/sv\/policy-gallande-cookies\/\" \/>\n<meta property=\"og:locale\" content=\"sv_SE\" \/>\n<meta property=\"og:type\" content=\"article\" \/>\n<meta property=\"og:title\" content=\"Policy g\u00e4llande Cookies - Scandinavian Management\" \/>\n<meta property=\"og:description\" content=\"POLICY G\u00c4LLANDE COOKIES \u00c5tkomst till denna webbplats kan inneb\u00e4ra anv\u00e4ndning av cookies. Cookies \u00e4r sm\u00e5 m\u00e4ngder information som lagras i webbl\u00e4saren som anv\u00e4nds av varje anv\u00e4ndare \u2014 i de olika enheter som kan anv\u00e4ndas f\u00f6r navigering \u2014 s\u00e5 att servern kommer ih\u00e5g viss information som senare, och endast servern som implementerade den, kommer att l\u00e4sa. [&hellip;]\" \/>\n<meta property=\"og:url\" content=\"https:\/\/scandtax.com\/sv\/policy-gallande-cookies\/\" \/>\n<meta property=\"og:site_name\" content=\"Scandinavian Management\" \/>\n<meta property=\"article:modified_time\" content=\"2022-12-05T13:42:18+00:00\" \/>\n<meta name=\"twitter:card\" content=\"summary_large_image\" \/>\n<meta name=\"twitter:label1\" content=\"Ber\u00e4knad l\u00e4stid\" \/>\n\t<meta name=\"twitter:data1\" content=\"4 minuter\" \/>\n<script type=\"application\/ld+json\" class=\"yoast-schema-graph\">{\"@context\":\"https:\\\/\\\/schema.org\",\"@graph\":[{\"@type\":\"WebPage\",\"@id\":\"https:\\\/\\\/scandtax.com\\\/sv\\\/policy-gallande-cookies\\\/\",\"url\":\"https:\\\/\\\/scandtax.com\\\/sv\\\/policy-gallande-cookies\\\/\",\"name\":\"Policy g\u00e4llande Cookies - Scandinavian Management\",\"isPartOf\":{\"@id\":\"https:\\\/\\\/scandtax.com\\\/#website\"},\"datePublished\":\"2022-08-19T19:34:09+00:00\",\"dateModified\":\"2022-12-05T13:42:18+00:00\",\"breadcrumb\":{\"@id\":\"https:\\\/\\\/scandtax.com\\\/sv\\\/policy-gallande-cookies\\\/#breadcrumb\"},\"inLanguage\":\"sv-SE\",\"potentialAction\":[{\"@type\":\"ReadAction\",\"target\":[\"https:\\\/\\\/scandtax.com\\\/sv\\\/policy-gallande-cookies\\\/\"]}]},{\"@type\":\"BreadcrumbList\",\"@id\":\"https:\\\/\\\/scandtax.com\\\/sv\\\/policy-gallande-cookies\\\/#breadcrumb\",\"itemListElement\":[{\"@type\":\"ListItem\",\"position\":1,\"name\":\"Portada\",\"item\":\"https:\\\/\\\/scandtax.com\\\/\"},{\"@type\":\"ListItem\",\"position\":2,\"name\":\"Policy g\u00e4llande Cookies\"}]},{\"@type\":\"WebSite\",\"@id\":\"https:\\\/\\\/scandtax.com\\\/#website\",\"url\":\"https:\\\/\\\/scandtax.com\\\/\",\"name\":\"Scandinavian Management\",\"description\":\"Scandinavian Management\",\"potentialAction\":[{\"@type\":\"SearchAction\",\"target\":{\"@type\":\"EntryPoint\",\"urlTemplate\":\"https:\\\/\\\/scandtax.com\\\/?s={search_term_string}\"},\"query-input\":{\"@type\":\"PropertyValueSpecification\",\"valueRequired\":true,\"valueName\":\"search_term_string\"}}],\"inLanguage\":\"sv-SE\"}]}<\/script>\n<!-- \/ Yoast SEO plugin. -->","yoast_head_json":{"title":"Policy g\u00e4llande Cookies - Scandinavian Management","robots":{"index":"index","follow":"follow","max-snippet":"max-snippet:-1","max-image-preview":"max-image-preview:large","max-video-preview":"max-video-preview:-1"},"canonical":"https:\/\/scandtax.com\/sv\/policy-gallande-cookies\/","og_locale":"sv_SE","og_type":"article","og_title":"Policy g\u00e4llande Cookies - Scandinavian Management","og_description":"POLICY G\u00c4LLANDE COOKIES \u00c5tkomst till denna webbplats kan inneb\u00e4ra anv\u00e4ndning av cookies. Cookies \u00e4r sm\u00e5 m\u00e4ngder information som lagras i webbl\u00e4saren som anv\u00e4nds av varje anv\u00e4ndare \u2014 i de olika enheter som kan anv\u00e4ndas f\u00f6r navigering \u2014 s\u00e5 att servern kommer ih\u00e5g viss information som senare, och endast servern som implementerade den, kommer att l\u00e4sa. [&hellip;]","og_url":"https:\/\/scandtax.com\/sv\/policy-gallande-cookies\/","og_site_name":"Scandinavian Management","article_modified_time":"2022-12-05T13:42:18+00:00","twitter_card":"summary_large_image","twitter_misc":{"Ber\u00e4knad l\u00e4stid":"4 minuter"},"schema":{"@context":"https:\/\/schema.org","@graph":[{"@type":"WebPage","@id":"https:\/\/scandtax.com\/sv\/policy-gallande-cookies\/","url":"https:\/\/scandtax.com\/sv\/policy-gallande-cookies\/","name":"Policy g\u00e4llande Cookies - Scandinavian Management","isPartOf":{"@id":"https:\/\/scandtax.com\/#website"},"datePublished":"2022-08-19T19:34:09+00:00","dateModified":"2022-12-05T13:42:18+00:00","breadcrumb":{"@id":"https:\/\/scandtax.com\/sv\/policy-gallande-cookies\/#breadcrumb"},"inLanguage":"sv-SE","potentialAction":[{"@type":"ReadAction","target":["https:\/\/scandtax.com\/sv\/policy-gallande-cookies\/"]}]},{"@type":"BreadcrumbList","@id":"https:\/\/scandtax.com\/sv\/policy-gallande-cookies\/#breadcrumb","itemListElement":[{"@type":"ListItem","position":1,"name":"Portada","item":"https:\/\/scandtax.com\/"},{"@type":"ListItem","position":2,"name":"Policy g\u00e4llande Cookies"}]},{"@type":"WebSite","@id":"https:\/\/scandtax.com\/#website","url":"https:\/\/scandtax.com\/","name":"Scandinavian Management","description":"Scandinavian Management","potentialAction":[{"@type":"SearchAction","target":{"@type":"EntryPoint","urlTemplate":"https:\/\/scandtax.com\/?s={search_term_string}"},"query-input":{"@type":"PropertyValueSpecification","valueRequired":true,"valueName":"search_term_string"}}],"inLanguage":"sv-SE"}]}},"_links":{"self":[{"href":"https:\/\/scandtax.com\/sv\/wp-json\/wp\/v2\/pages\/2288","targetHints":{"allow":["GET"]}}],"collection":[{"href":"https:\/\/scandtax.com\/sv\/wp-json\/wp\/v2\/pages"}],"about":[{"href":"https:\/\/scandtax.com\/sv\/wp-json\/wp\/v2\/types\/page"}],"author":[{"embeddable":true,"href":"https:\/\/scandtax.com\/sv\/wp-json\/wp\/v2\/users\/1"}],"replies":[{"embeddable":true,"href":"https:\/\/scandtax.com\/sv\/wp-json\/wp\/v2\/comments?post=2288"}],"version-history":[{"count":3,"href":"https:\/\/scandtax.com\/sv\/wp-json\/wp\/v2\/pages\/2288\/revisions"}],"predecessor-version":[{"id":2359,"href":"https:\/\/scandtax.com\/sv\/wp-json\/wp\/v2\/pages\/2288\/revisions\/2359"}],"wp:attachment":[{"href":"https:\/\/scandtax.com\/sv\/wp-json\/wp\/v2\/media?parent=2288"}],"curies":[{"name":"wp","href":"https:\/\/api.w.org\/{rel}","templated":true}]}}