{"id":2287,"date":"2022-08-19T19:35:44","date_gmt":"2022-08-19T19:35:44","guid":{"rendered":"https:\/\/www.scandtax.com\/meddelande-gallande-integritet\/"},"modified":"2022-08-19T19:35:44","modified_gmt":"2022-08-19T19:35:44","slug":"meddelande-gallande-integritet","status":"publish","type":"page","link":"https:\/\/scandtax.com\/sv\/meddelande-gallande-integritet\/","title":{"rendered":"Meddelande g\u00e4llande integritet"},"content":{"rendered":"\t\t<div data-elementor-type=\"wp-page\" data-elementor-id=\"2287\" class=\"elementor elementor-2287 elementor-747\" data-elementor-post-type=\"page\">\n\t\t\t\t\t\t<section class=\"elementor-section elementor-top-section elementor-element elementor-element-37137ebf elementor-section-boxed elementor-section-height-default elementor-section-height-default rt-parallax-bg-no\" data-id=\"37137ebf\" data-element_type=\"section\" data-e-type=\"section\">\n\t\t\t\t\t\t<div class=\"elementor-container elementor-column-gap-default\">\n\t\t\t\t\t<div class=\"elementor-column elementor-col-100 elementor-top-column elementor-element elementor-element-6f237714\" data-id=\"6f237714\" data-element_type=\"column\" data-e-type=\"column\">\n\t\t\t<div class=\"elementor-widget-wrap elementor-element-populated\">\n\t\t\t\t\t\t<div class=\"elementor-element elementor-element-5b5cbf66 elementor-widget elementor-widget-text-editor\" data-id=\"5b5cbf66\" data-element_type=\"widget\" data-e-type=\"widget\" data-widget_type=\"text-editor.default\">\n\t\t\t\t<div class=\"elementor-widget-container\">\n\t\t\t\t\t\t\t\t\t<p><\/p>\n<h3 class=\"wp-block-heading\"><strong>AVISO DE CONFIDENCIALIDAD<\/strong><\/h3>\n<p><\/p>\n<p><\/p>\n<p><span style=\"font-weight: 400;\">Este mensaje va dirigido exclusivamente a su destinatario, en caso de haber recibido este mensaje por error, puede comunic\u00e1rnoslo mediante el correo electr\u00f3nico remitido a nuestra atenci\u00f3n y procederemos a revisar el motivo del error.<\/span><\/p>\n<p><span style=\"font-weight: 400;\">Asimismo, el email puede contener documentos y\/o informaci\u00f3n confidencial propia o de terceros por lo que rogamos que se proceda a su eliminaci\u00f3n, tanto del email como de los documentos adjuntos para as\u00ed prevenir mayores fugas de informaci\u00f3n confidencial.<\/span><\/p>\n<p><span style=\"font-weight: 400;\">En cumplimiento del Reglamento (UE) 2016\/679 del Parlamento Europeo y del Consejo, de 27 de abril de 2016, puede ejercer los derechos de acceso, rectificaci\u00f3n, cancelaci\u00f3n y oposici\u00f3n (derechos ARCO) a trav\u00e9s de: <span \n                data-original-string='KyJ9+pNiE29fpSFJoOe4Zg==170Gszl3R6mcZ\/mzw34B30FK4lBsupfuBIdLzVBgHEcOZc='\n                class='apbct-email-encoder'\n                title='This contact has been encoded by Anti-Spam by CleanTalk. Click to decode. To finish the decoding make sure that JavaScript is enabled in your browser.'>in<span class=\"apbct-blur\">**<\/span>@<span class=\"apbct-blur\">******<\/span>ax.com<\/span><\/span><\/p>\n<p><\/p>\n<p><\/p>\n<p><\/p>\t\t\t\t\t\t\t\t<\/div>\n\t\t\t\t<\/div>\n\t\t\t\t\t<\/div>\n\t\t<\/div>\n\t\t\t\t\t<\/div>\n\t\t<\/section>\n\t\t\t\t<\/div>\n\t\t","protected":false},"excerpt":{"rendered":"<p>MEDDELANDE G\u00c4LLANDE INTEGRITET Detta meddelande riktar sig uteslutande till dess adressat, om du har f\u00e5tt det h\u00e4r meddelandet av misstag kan du meddela oss via det e-postmeddelande som skickats till oss och vi kommer att g\u00e5 vidare med att granska orsaken till felet. P\u00e5 samma s\u00e4tt kan e-postmeddelandet inneh\u00e5lla dokument och\/eller konfidentiell information fr\u00e5n v\u00e5r [&hellip;]<\/p>\n","protected":false},"author":1,"featured_media":0,"parent":0,"menu_order":0,"comment_status":"closed","ping_status":"closed","template":"","meta":{"footnotes":""},"class_list":["post-2287","page","type-page","status-publish","hentry"],"yoast_head":"<!-- This site is optimized with the Yoast SEO plugin v27.3 - https:\/\/yoast.com\/product\/yoast-seo-wordpress\/ -->\n<title>Meddelande g\u00e4llande integritet - Scandinavian Management<\/title>\n<meta name=\"robots\" content=\"index, follow, max-snippet:-1, max-image-preview:large, max-video-preview:-1\" \/>\n<link rel=\"canonical\" href=\"https:\/\/scandtax.com\/sv\/meddelande-gallande-integritet\/\" \/>\n<meta property=\"og:locale\" content=\"sv_SE\" \/>\n<meta property=\"og:type\" content=\"article\" \/>\n<meta property=\"og:title\" content=\"Meddelande g\u00e4llande integritet - Scandinavian Management\" \/>\n<meta property=\"og:description\" content=\"MEDDELANDE G\u00c4LLANDE INTEGRITET Detta meddelande riktar sig uteslutande till dess adressat, om du har f\u00e5tt det h\u00e4r meddelandet av misstag kan du meddela oss via det e-postmeddelande som skickats till oss och vi kommer att g\u00e5 vidare med att granska orsaken till felet. P\u00e5 samma s\u00e4tt kan e-postmeddelandet inneh\u00e5lla dokument och\/eller konfidentiell information fr\u00e5n v\u00e5r [&hellip;]\" \/>\n<meta property=\"og:url\" content=\"https:\/\/scandtax.com\/sv\/meddelande-gallande-integritet\/\" \/>\n<meta property=\"og:site_name\" content=\"Scandinavian Management\" \/>\n<meta name=\"twitter:card\" content=\"summary_large_image\" \/>\n<meta name=\"twitter:label1\" content=\"Ber\u00e4knad l\u00e4stid\" \/>\n\t<meta name=\"twitter:data1\" content=\"1 minut\" \/>\n<script type=\"application\/ld+json\" class=\"yoast-schema-graph\">{\"@context\":\"https:\\\/\\\/schema.org\",\"@graph\":[{\"@type\":\"WebPage\",\"@id\":\"https:\\\/\\\/scandtax.com\\\/sv\\\/meddelande-gallande-integritet\\\/\",\"url\":\"https:\\\/\\\/scandtax.com\\\/sv\\\/meddelande-gallande-integritet\\\/\",\"name\":\"Meddelande g\u00e4llande integritet - Scandinavian Management\",\"isPartOf\":{\"@id\":\"https:\\\/\\\/scandtax.com\\\/#website\"},\"datePublished\":\"2022-08-19T19:35:44+00:00\",\"breadcrumb\":{\"@id\":\"https:\\\/\\\/scandtax.com\\\/sv\\\/meddelande-gallande-integritet\\\/#breadcrumb\"},\"inLanguage\":\"sv-SE\",\"potentialAction\":[{\"@type\":\"ReadAction\",\"target\":[\"https:\\\/\\\/scandtax.com\\\/sv\\\/meddelande-gallande-integritet\\\/\"]}]},{\"@type\":\"BreadcrumbList\",\"@id\":\"https:\\\/\\\/scandtax.com\\\/sv\\\/meddelande-gallande-integritet\\\/#breadcrumb\",\"itemListElement\":[{\"@type\":\"ListItem\",\"position\":1,\"name\":\"Portada\",\"item\":\"https:\\\/\\\/scandtax.com\\\/\"},{\"@type\":\"ListItem\",\"position\":2,\"name\":\"Meddelande g\u00e4llande integritet\"}]},{\"@type\":\"WebSite\",\"@id\":\"https:\\\/\\\/scandtax.com\\\/#website\",\"url\":\"https:\\\/\\\/scandtax.com\\\/\",\"name\":\"Scandinavian Management\",\"description\":\"Scandinavian Management\",\"potentialAction\":[{\"@type\":\"SearchAction\",\"target\":{\"@type\":\"EntryPoint\",\"urlTemplate\":\"https:\\\/\\\/scandtax.com\\\/?s={search_term_string}\"},\"query-input\":{\"@type\":\"PropertyValueSpecification\",\"valueRequired\":true,\"valueName\":\"search_term_string\"}}],\"inLanguage\":\"sv-SE\"}]}<\/script>\n<!-- \/ Yoast SEO plugin. -->","yoast_head_json":{"title":"Meddelande g\u00e4llande integritet - Scandinavian Management","robots":{"index":"index","follow":"follow","max-snippet":"max-snippet:-1","max-image-preview":"max-image-preview:large","max-video-preview":"max-video-preview:-1"},"canonical":"https:\/\/scandtax.com\/sv\/meddelande-gallande-integritet\/","og_locale":"sv_SE","og_type":"article","og_title":"Meddelande g\u00e4llande integritet - Scandinavian Management","og_description":"MEDDELANDE G\u00c4LLANDE INTEGRITET Detta meddelande riktar sig uteslutande till dess adressat, om du har f\u00e5tt det h\u00e4r meddelandet av misstag kan du meddela oss via det e-postmeddelande som skickats till oss och vi kommer att g\u00e5 vidare med att granska orsaken till felet. P\u00e5 samma s\u00e4tt kan e-postmeddelandet inneh\u00e5lla dokument och\/eller konfidentiell information fr\u00e5n v\u00e5r [&hellip;]","og_url":"https:\/\/scandtax.com\/sv\/meddelande-gallande-integritet\/","og_site_name":"Scandinavian Management","twitter_card":"summary_large_image","twitter_misc":{"Ber\u00e4knad l\u00e4stid":"1 minut"},"schema":{"@context":"https:\/\/schema.org","@graph":[{"@type":"WebPage","@id":"https:\/\/scandtax.com\/sv\/meddelande-gallande-integritet\/","url":"https:\/\/scandtax.com\/sv\/meddelande-gallande-integritet\/","name":"Meddelande g\u00e4llande integritet - Scandinavian Management","isPartOf":{"@id":"https:\/\/scandtax.com\/#website"},"datePublished":"2022-08-19T19:35:44+00:00","breadcrumb":{"@id":"https:\/\/scandtax.com\/sv\/meddelande-gallande-integritet\/#breadcrumb"},"inLanguage":"sv-SE","potentialAction":[{"@type":"ReadAction","target":["https:\/\/scandtax.com\/sv\/meddelande-gallande-integritet\/"]}]},{"@type":"BreadcrumbList","@id":"https:\/\/scandtax.com\/sv\/meddelande-gallande-integritet\/#breadcrumb","itemListElement":[{"@type":"ListItem","position":1,"name":"Portada","item":"https:\/\/scandtax.com\/"},{"@type":"ListItem","position":2,"name":"Meddelande g\u00e4llande integritet"}]},{"@type":"WebSite","@id":"https:\/\/scandtax.com\/#website","url":"https:\/\/scandtax.com\/","name":"Scandinavian Management","description":"Scandinavian Management","potentialAction":[{"@type":"SearchAction","target":{"@type":"EntryPoint","urlTemplate":"https:\/\/scandtax.com\/?s={search_term_string}"},"query-input":{"@type":"PropertyValueSpecification","valueRequired":true,"valueName":"search_term_string"}}],"inLanguage":"sv-SE"}]}},"_links":{"self":[{"href":"https:\/\/scandtax.com\/sv\/wp-json\/wp\/v2\/pages\/2287","targetHints":{"allow":["GET"]}}],"collection":[{"href":"https:\/\/scandtax.com\/sv\/wp-json\/wp\/v2\/pages"}],"about":[{"href":"https:\/\/scandtax.com\/sv\/wp-json\/wp\/v2\/types\/page"}],"author":[{"embeddable":true,"href":"https:\/\/scandtax.com\/sv\/wp-json\/wp\/v2\/users\/1"}],"replies":[{"embeddable":true,"href":"https:\/\/scandtax.com\/sv\/wp-json\/wp\/v2\/comments?post=2287"}],"version-history":[{"count":0,"href":"https:\/\/scandtax.com\/sv\/wp-json\/wp\/v2\/pages\/2287\/revisions"}],"wp:attachment":[{"href":"https:\/\/scandtax.com\/sv\/wp-json\/wp\/v2\/media?parent=2287"}],"curies":[{"name":"wp","href":"https:\/\/api.w.org\/{rel}","templated":true}]}}